{"id":136934,"date":"2016-10-15T20:50:51","date_gmt":"2016-10-15T20:50:51","guid":{"rendered":"http:\/\/www.ms-sf.net\/hp\/?page_id=237"},"modified":"2026-03-13T09:11:42","modified_gmt":"2026-03-13T09:11:42","slug":"fahrradwerkstatt-integrad","status":"publish","type":"page","link":"https:\/\/www.ms-sf.net\/de\/fahrradwerkstatt-integrad\/","title":{"rendered":"Fahrradwerkstatt &#8222;IntegRad&#8220;"},"content":{"rendered":"<div class=\"wpb-content-wrapper\"><p>[vc_row][vc_column width=&#8220;1\/2&#8243;][vc_single_image image=&#8220;307&#8243; img_size=&#8220;large&#8220; style=&#8220;vc_box_shadow_border&#8220;][vc_column_text]<\/p>\n<p style=\"text-align: center;\"><strong>IntegRad gibt es seit 2014. Fl\u00fcchtlinge und Sch\u00fcler arbeiten zusammen in einer Fahrradwerkstatt.<\/strong><\/p>\n<p>[\/vc_column_text][\/vc_column][vc_column width=&#8220;1\/2&#8243;][vc_empty_space height=&#8220;40&#8243;][vc_column_text css=&#8220;&#8220;]<\/p>\n<div id=\"c1951\" class=\"csc-default\">\n<div class=\"csc-textpic csc-textpic-intext-left\">\n<div class=\"csc-textpic-text\">\n<div class=\"csc-textpic-imagewrap csc-textpic-single-image\">Schon lange geh\u00f6ren sie fest zum Stadtbild Sonthofens: Menschen, die auf der Flucht vor Krieg und Verfolgung in Sonthofen vor\u00fcbergehend einen sicheren Ort zum Leben gefunden haben. Sie stammen aus Eritrea, Syrien, Afghanistan, Pakistan, dem Irak, Mail und Somalia. So unterschiedlich die Schicksale der Menschen sind, eines haben alle gemeinsam: Sie m\u00fcssen mobil sein. Sei es f\u00fcr Beh\u00f6rdeng\u00e4nge, f\u00fcr Deutschkurse oder zum Einkaufen, den Schulbesuch in Immenstadt oder den Weg zur Arbeit.<\/div>\n<p class=\"bodytext\">Fahrradspenden jederzeit willkommen. Wer ein Fahrrad abgeben m\u00f6chte, kann sich per <a href=\"mailto: integrad@ms-sf.de\">E-Mail<\/a> oder Telefon (08321 609500-60) an &#8222;IntegRad&#8220; wenden.<\/p>\n<\/div>\n<\/div>\n<\/div>\n<p>[\/vc_column_text][\/vc_column][\/vc_row][vc_row][vc_column][vc_separator][\/vc_column][\/vc_row][vc_row][vc_column][vc_column_text]<a href=\"https:\/\/www.ms-sf.net\/de\/wp-content\/uploads\/2018\/07\/IntegRad_Schulfoerderpreis2018_Tholl.pdf\" class=\"pdfemb-viewer\" style=\"\" data-width=\"max\" data-height=\"max\" data-toolbar=\"bottom\" data-toolbar-fixed=\"off\">IntegRad<\/a>[\/vc_column_text][\/vc_column][\/vc_row]<\/p>\n<\/div>","protected":false},"excerpt":{"rendered":"<p>[vc_row][vc_column width=&#8220;1\/2&#8243;][vc_single_image image=&#8220;307&#8243; img_size=&#8220;large&#8220; style=&#8220;vc_box_shadow_border&#8220;][vc_column_text] IntegRad gibt es seit 2014. Fl\u00fcchtlinge und Sch\u00fcler arbeiten zusammen in einer Fahrradwerkstatt. [\/vc_column_text][\/vc_column][vc_column width=&#8220;1\/2&#8243;][vc_empty_space height=&#8220;40&#8243;][vc_column_text css=&#8220;&#8220;] Schon lange geh\u00f6ren sie fest zum Stadtbild Sonthofens: Menschen, die auf der Flucht vor Krieg und Verfolgung in Sonthofen vor\u00fcbergehend einen sicheren Ort zum Leben gefunden haben. Sie stammen aus Eritrea, Syrien, Afghanistan, [&hellip;]<\/p>\n","protected":false},"author":1,"featured_media":0,"parent":0,"menu_order":0,"comment_status":"closed","ping_status":"closed","template":"","meta":{"footnotes":""},"class_list":["post-136934","page","type-page","status-publish","hentry"],"_links":{"self":[{"href":"https:\/\/www.ms-sf.net\/de\/wp-json\/wp\/v2\/pages\/136934","targetHints":{"allow":["GET"]}}],"collection":[{"href":"https:\/\/www.ms-sf.net\/de\/wp-json\/wp\/v2\/pages"}],"about":[{"href":"https:\/\/www.ms-sf.net\/de\/wp-json\/wp\/v2\/types\/page"}],"author":[{"embeddable":true,"href":"https:\/\/www.ms-sf.net\/de\/wp-json\/wp\/v2\/users\/1"}],"replies":[{"embeddable":true,"href":"https:\/\/www.ms-sf.net\/de\/wp-json\/wp\/v2\/comments?post=136934"}],"version-history":[{"count":4,"href":"https:\/\/www.ms-sf.net\/de\/wp-json\/wp\/v2\/pages\/136934\/revisions"}],"predecessor-version":[{"id":144590,"href":"https:\/\/www.ms-sf.net\/de\/wp-json\/wp\/v2\/pages\/136934\/revisions\/144590"}],"wp:attachment":[{"href":"https:\/\/www.ms-sf.net\/de\/wp-json\/wp\/v2\/media?parent=136934"}],"curies":[{"name":"wp","href":"https:\/\/api.w.org\/{rel}","templated":true}]}}